{"id":5969,"date":"2017-06-01T12:06:10","date_gmt":"2017-06-01T16:06:10","guid":{"rendered":"http:\/\/vankleekhill.ca?page_id=5969"},"modified":"2017-06-01T12:06:10","modified_gmt":"2017-06-01T16:06:10","slug":"confidentialite-renonciation","status":"publish","type":"page","link":"https:\/\/vankleekhill.ca\/fr\/confidentialite-renonciation\/","title":{"rendered":"Confidentialit\u00e9 &#8211; Renonciation"},"content":{"rendered":"<p><strong>Politique sur la protection de la vie priv\u00e9e-exclusion de responsabilit\u00e9<\/strong><\/p>\n<p>D\u00e9ni de responsabilit\u00e9 l\u00e9gale et Politique sur la protection de la vie priv\u00e9e<br \/>\nVankleekhill.ca se r\u00e9serve le droit de refuser sans r\u00e9serve tout contenu ill\u00e9gal, offensif, raciste ou dommageable.<br \/>\nwww. Vankleekhill.ca fournit un service \u00a0d&rsquo;information seulement.<\/p>\n<p>Vankleekhill.ca n&rsquo;accepte aucune responsabilit\u00e9 \u00a0relative au contenu du site.<\/p>\n<p>Vankleekhill.ca ne fait aucune intervention ni n&rsquo;offre aucune garantie explicite ou implicite relative \u00e0 la qualit\u00e9, \u00e0 la valeur marchande et \u00e0 l&rsquo;utilisation de l&rsquo;information sur le \u00a0site Web.<\/p>\n<p>De plus, le siteVankleekhill.ca n&rsquo;accepte aucune responsabilit\u00e9 sur l&rsquo;exactitude de l&rsquo;information, sur les d\u00e9penses ou dommages r\u00e9sultant directement ou indirectement de l&rsquo;utilisation de cette information. Veuillez v\u00e9rifier si l&rsquo;information est mise \u00e0 jour r\u00e9guli\u00e8rement avec les entreprises et les organismes participants.<\/p>\n<p><strong>CONTR\u00d4LE DU TRAFIC SUR LE SITE WEB<\/strong><\/p>\n<p>Le site Vankleekhill.ca soutient des protocoles d&rsquo;acc\u00e8s qui enregistrent l&rsquo;activit\u00e9 des fureteurs. Ces protocoles associent une adresse internet (IP) \u00e0 chaque requ\u00eate de contenu provenant des serveurs. Souvent cette adresse est identique \u00e0 celle assign\u00e9e \u00e0 l&rsquo;ordinateur personnel d&rsquo;un visiteur.<\/p>\n<p>(Cette adresse IP peut \u00eatre temporairement ou de mani\u00e8re permanente assign\u00e9e \u00e0 un seul ordinateur par un fournisseur d&rsquo;acc\u00e8s \u00e0 Internet ou par les administrateurs de r\u00e9seau d&rsquo;une entreprise).<\/p>\n<p>Cette adresse internet IP peut aussi repr\u00e9senter la passerelle de r\u00e9seau d&rsquo;un fournisseur d&rsquo;acc\u00e8s \u00e0 Internet ou celle d&rsquo;un r\u00e9seau d&rsquo;affaires plut\u00f4t que celle d&rsquo;un seul ordinateur.<\/p>\n<p>Les protocoles du \u00a0serveur incluant ces adresses internet IP sont employ\u00e9s par le site VankleekHill.ca pour analyser le trafic sur le navigateur Web. Les donn\u00e9es provenant de ces protocoles nous aident \u00e0 retracer et \u00e0 identifier l&rsquo;information et les pages du site qui int\u00e9ressent davantage les visiteurs tout en nous permettant de visualiser la provenance g\u00e9ographique de ces derniers. G\u00e9n\u00e9ralement, la nature de ce syst\u00e8me d\u2019adresses utilis\u00e9es par Internet permet \u00e0 www. Vankleekhill.ca \u00a0d&rsquo;associer n&rsquo;importe quelle adresse IP \u00e0 un fournisseur d&rsquo;acc\u00e8s \u00e0 Internet ou \u00e0 un r\u00e9seau particulier.<\/p>\n<p>Vankleekhill.ca ne tente jamais d\u2019associer ces adresses IP avec l&rsquo;information personnelle d&rsquo;un visiteur. En cas d&rsquo;utilisation abusive de nos sites Web,<\/p>\n<p>VankleekHill.ca peut rapporter l\u2019adresse \u00a0IP d&rsquo;une personne soup\u00e7onn\u00e9e \u00a0d\u2019abus aux \u00a0autorit\u00e9s appropri\u00e9es charg\u00e9es de l&rsquo;application de la loi.<\/p>\n<p><strong>NOUS POUVONS EMPLOYER \u00a0DES T\u00c9MOINS (COOKIES )<\/strong><\/p>\n<p>Le syst\u00e8me de gestion du contenu du site VankleekHill.ca peut employer la technologie du \u00a0t\u00e9moin pour retracer les fureteurs avec lesquels ils communiquent. Pendant une transaction du t\u00e9moin, un serveur \u00a0remettra au fureteur des donn\u00e9es prescrites par les concepteurs du site Vankleekhill.ca.<\/p>\n<p>Le fureteur ram\u00e8nera ces m\u00eames donn\u00e9es lors de sa prochaine requ\u00eate pour obtenir du contenu \u00a0provenant du site. L\u2019utilisation \u00a0de \u00a0cette technologie permet \u00e0 une application fonctionnant \u00a0sur un serveur du Web de distinguer une activit\u00e9 \u00a0d\u2019un fureteur du Web \u00e0 celle d\u2019un autre.<\/p>\n<p>Le syst\u00e8me de gestion du contenu de VankleekHill.ca peut utiliser des &lsquo;t\u00e9moins&rsquo; au besoin pour identifier un visiteur particulier \u00a0lors de sessions en ligne.<\/p>\n<p>Voici quelques exemples : pour emp\u00eacher les abus dans l\u2019utilisation des sondages et des questionnaires; pour fournir un contenu et de l\u2019interface utilisateur personnalis\u00e9s aux visiteurs qui ont sp\u00e9cifiquement demand\u00e9 de tels services.<\/p>\n<p>M\u00e9thode d&rsquo;utilisation des t\u00e9moins dans tous les cas : le syst\u00e8me de gestion du contenu des donn\u00e9es des t\u00e9moins du site VankleekHill.ca \u00a0peut remettre \u00e0 votre navigateur Web seulement le contenu relatif \u00e0 l\u2019identification de \u00a0la session.<\/p>\n<p>Votre navigateur ne peut recueillir aucune autre information personnelle qui pourrait \u00eatre stock\u00e9e sur votre propre ordinateur. De notre c\u00f4t\u00e9, les donn\u00e9es relatives aux t\u00e9moins ne sont pas stock\u00e9es de mani\u00e8re permanente sur les serveurs du Web de VankleekHill.ca<\/p>\n<p>L&rsquo;information temporairement stock\u00e9e \u00a0dans notre collection de t\u00e9moins peut inclure le nom d&rsquo;utilisateur du visiteur, mais jamais son vrai nom ni son adresse ni des donn\u00e9es sensibles \u00a0comme son num\u00e9ro de carte de cr\u00e9dit &#8211; m\u00eame si sa carte de cr\u00e9dit est utilis\u00e9e pour le paiement en ligne.<\/p>\n<p>De plus, VankleekHill.ca ne fait pas de liens dans ses dossiers entre les sessions d\u2019identification men\u00e9es par des t\u00e9moins et le protocole d\u2019adresses internet (IP) d\u00e9crit ci-dessus au sujet de \u00a0l&rsquo;information pour contr\u00f4ler le trafic sur le \u00a0Web.<\/p>\n<p>VankleekHill.ca \u00a0travaille \u00e0 \u00a0s\u00e9curiser l&rsquo;information personnelle pouvant \u00eatre recueillie en ligne ou hors ligne. VankleekHill.ca a pris des pr\u00e9cautions raisonnables pour prot\u00e9ger cette m\u00eame information \u00a0de la perte, de l&rsquo;usage abusif ou des d\u00e9formations .<\/p>\n<p>Les sites Web de \u00a0VankleekHill.ca poss\u00e8dent des liens \u00e0 des pages Web ou \u00e0 des sites exploit\u00e9s par des tiers.<\/p>\n<p>Certains liens vous feront quitter notre site vers des destinations<\/p>\n<p>sur lesquelles nous n&rsquo;avons aucun contr\u00f4le. Notre politique de protection de la vie priv\u00e9e \u00a0ne s&rsquo;applique pas \u00a0aux sites de tierces personnes avec lesquelles \u00a0nous nous lions. Nous vous encourageons plut\u00f4t de passer en revue leur politique \u00e0 votre arriv\u00e9e.<\/p>\n<p><strong>CHANGEMENTS DE POLITIQUE<\/strong><\/p>\n<p>VankleekHill.ca peut \u00a0modifier sa politique de temps \u00e0 autre. Si cela se produit, des avis de \u00a0changements seront affich\u00e9s \u00a0avec la version pr\u00e9c\u00e9dente de sa politique sur la protection de la vie priv\u00e9e.<\/p><div class=\"vankl-front-events\" style=\"text-align: center;\" id=\"vankl-3002603489\"><div class=\"vankl-adlabel\">Advertisements<\/div><p><script type=\"text\/javascript\">\nvar bannersnack_embed = {\"hash\":\"bcf6pwogs\",\"width\":970,\"height\":250,\"t\":1649884945.761,\"userId\":40968303,\"responsive\":true,\"type\":\"html5\"};\n<\/script><br \/>\n<script type=\"text\/javascript\" src=\"\/\/cdn.bannersnack.com\/iframe\/embed.js\"><\/script><\/p>\n<\/div>\n","protected":false},"excerpt":{"rendered":"<p>Politique sur la protection de la vie priv\u00e9e-exclusion de responsabilit\u00e9 D\u00e9ni de responsabilit\u00e9 l\u00e9gale et Politique sur la protection de la vie priv\u00e9e Vankleekhill.ca se r\u00e9serve le droit de refuser sans r\u00e9serve tout contenu ill\u00e9gal, offensif, raciste ou dommageable. www. Vankleekhill.ca fournit un service \u00a0d&rsquo;information seulement. Vankleekhill.ca n&rsquo;accepte aucune responsabilit\u00e9 \u00a0relative au contenu du site&#8230;. <\/p>\n<div class=\"clear\"><\/div>\n<p><a href=\"https:\/\/vankleekhill.ca\/fr\/confidentialite-renonciation\/\" class=\"excerpt-read-more\">Read More<i class=\"fa fa-caret-right icon-caret-right\"><\/i><\/a><\/p>\n","protected":false},"author":1,"featured_media":0,"parent":0,"menu_order":0,"comment_status":"closed","ping_status":"closed","template":"","meta":{"_acf_changed":false,"_monsterinsights_skip_tracking":false,"_monsterinsights_sitenote_active":false,"_monsterinsights_sitenote_note":"","_monsterinsights_sitenote_category":0,"advanced_seo_description":"","jetpack_seo_html_title":"","jetpack_seo_noindex":false,"footnotes":"","_links_to":"","_links_to_target":""},"class_list":["post-5969","page","type-page","status-publish","hentry"],"acf":[],"jetpack-related-posts":[{"id":5990,"url":"https:\/\/vankleekhill.ca\/fr\/comment-sy-rendre\/","url_meta":{"origin":5969,"position":0},"title":"Comment s\u2019y rendre","author":"BeyondINK","date":"juin 13, 2011","format":false,"excerpt":"View Larger Map La campagne et le charme d'un petit village de Vankleek Hill vous attendent! DE MONTR\u00c9AL: \u00c0 seulement une heure de Montr\u00e9al et \u00e0 45 minutes de l\u2019Ouest-de-l\u2019\u00cele. Prenez l\u2019autoroute 40 en direction ouest qui devient la 417 une fois que vous arrivez dans l\u2019Est ontarien. Prenez la\u2026","rel":"","context":"Article similaire","block_context":{"text":"Article similaire","link":""},"img":{"alt_text":"","src":"https:\/\/i0.wp.com\/vankleekhill.ca\/wp-content\/uploads\/2022\/06\/VKH_Map_outside_2022-04-27_final-a-300x209.jpg?resize=350%2C200&ssl=1","width":350,"height":200},"classes":[]},{"id":5977,"url":"https:\/\/vankleekhill.ca\/fr\/moving-here\/education\/","url_meta":{"origin":5969,"position":1},"title":"\u00c9ducation","author":"BeyondINK","date":"juin 1, 2017","format":false,"excerpt":"La garderie du canton de Champlain,\u00a0g\u00e9r\u00e9e par la municipalit\u00e9, accueille les enfants d\u2019\u00e2ge pr\u00e9scolaire. Elle est situ\u00e9e \u00e0 Vankleek Hill, au 79, rue Derby. T\u00e9l\u00e9phone\u00a0: 613-678-2123 http:\/\/www.champlain.ca\/fr\/child_care_dept_head.asp En ville, l\u2019\u00c9cole \u00e9l\u00e9mentaire catholique Saint-Gr\u00e9goire est affili\u00e9e au\u00a0conseil scolaire qui suit. Cette institution offre un programme \u00e9ducatif et catholique\u00a0de langue fran\u00e7aise aux\u2026","rel":"","context":"Article similaire","block_context":{"text":"Article similaire","link":""},"img":{"alt_text":"","src":"","width":0,"height":0},"classes":[]},{"id":63125,"url":"https:\/\/vankleekhill.ca\/fr\/boutique-2\/","url_meta":{"origin":5969,"position":2},"title":"Boutique","author":"BeyondINK","date":"novembre 13, 2025","format":false,"excerpt":"Souvenirs et cadeaux locaux de Vankleek Hill Une collection ancr\u00e9e dans l'histoire et la cr\u00e9ativit\u00e9 locales Des cartes postales vintage et des r\u00e9impressions de journaux historiques aux ornements artisanaux, en passant par les cartes illustr\u00e9es et les produits d\u00e9riv\u00e9s de la marque Review, chaque article raconte une histoire. De nombreuses\u2026","rel":"","context":"Article similaire","block_context":{"text":"Article similaire","link":""},"img":{"alt_text":"","src":"https:\/\/i0.wp.com\/vankleekhill.ca\/wp-content\/uploads\/2025\/11\/570320014_1231560452340388_7628045621529248404_n-e1763069301144.jpg?fit=1200%2C675&ssl=1&resize=350%2C200","width":350,"height":200,"srcset":"https:\/\/i0.wp.com\/vankleekhill.ca\/wp-content\/uploads\/2025\/11\/570320014_1231560452340388_7628045621529248404_n-e1763069301144.jpg?fit=1200%2C675&ssl=1&resize=350%2C200 1x, https:\/\/i0.wp.com\/vankleekhill.ca\/wp-content\/uploads\/2025\/11\/570320014_1231560452340388_7628045621529248404_n-e1763069301144.jpg?fit=1200%2C675&ssl=1&resize=525%2C300 1.5x, https:\/\/i0.wp.com\/vankleekhill.ca\/wp-content\/uploads\/2025\/11\/570320014_1231560452340388_7628045621529248404_n-e1763069301144.jpg?fit=1200%2C675&ssl=1&resize=700%2C400 2x, https:\/\/i0.wp.com\/vankleekhill.ca\/wp-content\/uploads\/2025\/11\/570320014_1231560452340388_7628045621529248404_n-e1763069301144.jpg?fit=1200%2C675&ssl=1&resize=1050%2C600 3x"},"classes":[]},{"id":5981,"url":"https:\/\/vankleekhill.ca\/fr\/moving-here\/groupes-communautaires\/","url_meta":{"origin":5969,"position":3},"title":"Groupes communautaires","author":"BeyondINK","date":"juin 1, 2017","format":false,"excerpt":"Guides et Scouts 4027, route 34 Renseignements\u00a0: 613-678-3602 Cadets de Vankleek Hill 5814, route 34 Mercredis soirs Renseignements\u00a0: https:\/\/www.facebook.com\/57Sdg Club de curling de Vankleek Hill\u00a0a maintenant son propre site Web :\u00a0www.vankleekhillcurling.ca HOCKEY\u2013BALLE JUNIOR\u00a0(VANKLEEK HILL) Renseignements :\u00a0Fred Richardson, 613-678-3895 SOCCER VANKLEEK HILL Renseignements : Janis Renwick, 613-678-3601 LIGUE DE BALLE MOLLE\u2026","rel":"","context":"Article similaire","block_context":{"text":"Article similaire","link":""},"img":{"alt_text":"","src":"","width":0,"height":0},"classes":[]}],"jetpack_likes_enabled":true,"jetpack_sharing_enabled":true,"_links":{"self":[{"href":"https:\/\/vankleekhill.ca\/fr\/wp-json\/wp\/v2\/pages\/5969","targetHints":{"allow":["GET"]}}],"collection":[{"href":"https:\/\/vankleekhill.ca\/fr\/wp-json\/wp\/v2\/pages"}],"about":[{"href":"https:\/\/vankleekhill.ca\/fr\/wp-json\/wp\/v2\/types\/page"}],"author":[{"embeddable":true,"href":"https:\/\/vankleekhill.ca\/fr\/wp-json\/wp\/v2\/users\/1"}],"replies":[{"embeddable":true,"href":"https:\/\/vankleekhill.ca\/fr\/wp-json\/wp\/v2\/comments?post=5969"}],"version-history":[{"count":0,"href":"https:\/\/vankleekhill.ca\/fr\/wp-json\/wp\/v2\/pages\/5969\/revisions"}],"wp:attachment":[{"href":"https:\/\/vankleekhill.ca\/fr\/wp-json\/wp\/v2\/media?parent=5969"}],"curies":[{"name":"wp","href":"https:\/\/api.w.org\/{rel}","templated":true}]}}