{"id":5977,"date":"2017-06-01T12:09:31","date_gmt":"2017-06-01T16:09:31","guid":{"rendered":"http:\/\/vankleekhill.ca?page_id=5977"},"modified":"2024-03-06T08:56:21","modified_gmt":"2024-03-06T13:56:21","slug":"education","status":"publish","type":"page","link":"https:\/\/vankleekhill.ca\/fr\/moving-here\/education\/","title":{"rendered":"\u00c9ducation"},"content":{"rendered":"<p><strong>La garderie du canton de Champlain<\/strong>,<strong>\u00a0<\/strong>g\u00e9r\u00e9e par la municipalit\u00e9, accueille les enfants d\u2019\u00e2ge pr\u00e9scolaire. Elle est situ\u00e9e \u00e0 Vankleek Hill, au 79, rue Derby.<br \/>\nT\u00e9l\u00e9phone\u00a0: 613-678-2123<br \/>\n<a href=\"http:\/\/www.champlain.ca\/fr\/child_care_dept_head.asp\" target=\"_blank\" rel=\"noopener noreferrer\">http:\/\/www.champlain.ca\/fr\/child_care_dept_head.asp<\/a><\/p>\n<p>En ville, l\u2019\u00c9cole \u00e9l\u00e9mentaire catholique Saint-Gr\u00e9goire est affili\u00e9e au\u00a0conseil scolaire qui suit. Cette institution offre un programme \u00e9ducatif et catholique\u00a0de langue fran\u00e7aise aux \u00e9l\u00e8ves de la maternelle \u00e0 la 6<sup>e<\/sup> ann\u00e9e.<\/p>\n<p><strong>Conseil scolaire de district catholique de l\u2019Est ontarien (CSDCEO)<\/strong><br \/>\nListe de\u00a0toutes les \u00e9coles associ\u00e9es au CSDCEO.<br \/>\n<a href=\"http:\/\/www.csdceo.ca\" target=\"_blank\" rel=\"noopener noreferrer\">www.csdceo.ca<\/a><\/p>\n<p>\u00c0 quelques minutes de Vankleek Hill se trouve l&rsquo;\u00e9cole \u00e9l\u00e9mentaire St. Jude Catholic School. Celle-ci enseigne des\u00a0\u00e9l\u00e8ves de la maternelle \u00e0 la 8<sup>e<\/sup> ann\u00e9e dans un environnement catholique de langue fran\u00e7aise et anglaise. Cette \u00e9cole est affili\u00e9e au conseil scolaire suivant :<\/p>\n<p><strong>Catholic District School Board of Eastern Ontario<\/strong><br \/>\nCe conseil offre un choix de plus de cinquante \u00e9coles \u00e0 l\u2019int\u00e9rieur de huit\u00a0comt\u00e9s.<br \/>\n<a href=\"http:\/\/www.cdsbeo.on.ca\/School_Iool_web_sites.htm\" target=\"_blank\" rel=\"noopener noreferrer\">http:\/\/www.cdsbeo.on.ca\/School_Iool_web_sites.htm<\/a><\/p>\n<p>\u00c0\u00a0Vankleek Hill, le\u00a0<strong>Vankleek Hill Collegiate Institute (VCI)\u00a0<\/strong>offre de\u00a0l&rsquo;enseignement\u00a0secondaire. Cette nouvelle \u00e9cole achev\u00e9e en 2010 voit aux besoins en enseignement\u00a0des \u00e9l\u00e8ves du secondaire, soit de la 9<sup>e<\/sup> \u00e0 la 12<sup>e<\/sup> ann\u00e9e, et leur offre\u00a0un programme sportif complet, des cours de musique, d\u2019art et plus encore. VCI est affili\u00e9 au Upper Canada District School Board.<\/p>\n<p>L&rsquo;\u00e9cole publique primaire<strong>\u00a0Pleasant Corners Public School<\/strong>\u00a0<strong>(PCPS)<\/strong> dessert\u00a0aussi la r\u00e9gion de Vankleek Hill : elle est situ\u00e9e sur la route 34, \u00e0 mi-chemin entre Hawkesbury et Vankleek Hill. Elle offre des programmes d\u2019\u00e9tudes pour les \u00e9l\u00e8ves de la maternelle \u00e0 la 8<sup>e<\/sup> ann\u00e9e ainsi qu\u2019un programme d\u2019immersion. Un comit\u00e9 de b\u00e9n\u00e9voles a r\u00e9cemment termin\u00e9 une belle salle de classe ext\u00e9rieure et une aire environnementale \u00e9cologique ouverte au public.<\/p>\n<p>Les \u00e9coles PCPS et VCI sont affili\u00e9es au conseil scolaire suivant :<\/p>\n<p><strong>Upper Canada District School Board<br \/>\n<\/strong><a href=\"http:\/\/www.ucdsb.on.ca\" target=\"_blank\" rel=\"noopener noreferrer\">http:\/\/www.ucdsb.on.ca<\/a><\/p><div class=\"vankl-front-events\" style=\"text-align: center;\" id=\"vankl-2534206173\"><div class=\"vankl-adlabel\">Advertisements<\/div><p><script type=\"text\/javascript\">\nvar bannersnack_embed = {\"hash\":\"bcf6pwogs\",\"width\":970,\"height\":250,\"t\":1649884945.761,\"userId\":40968303,\"responsive\":true,\"type\":\"html5\"};\n<\/script><br \/>\n<script type=\"text\/javascript\" src=\"\/\/cdn.bannersnack.com\/iframe\/embed.js\"><\/script><\/p>\n<\/div>\n","protected":false},"excerpt":{"rendered":"<p>La garderie du canton de Champlain,\u00a0g\u00e9r\u00e9e par la municipalit\u00e9, accueille les enfants d\u2019\u00e2ge pr\u00e9scolaire. Elle est situ\u00e9e \u00e0 Vankleek Hill, au 79, rue Derby. T\u00e9l\u00e9phone\u00a0: 613-678-2123 http:\/\/www.champlain.ca\/fr\/child_care_dept_head.asp En ville, l\u2019\u00c9cole \u00e9l\u00e9mentaire catholique Saint-Gr\u00e9goire est affili\u00e9e au\u00a0conseil scolaire qui suit. Cette institution offre un programme \u00e9ducatif et catholique\u00a0de langue fran\u00e7aise aux \u00e9l\u00e8ves de la maternelle \u00e0&#8230; <\/p>\n<div class=\"clear\"><\/div>\n<p><a href=\"https:\/\/vankleekhill.ca\/fr\/moving-here\/education\/\" class=\"excerpt-read-more\">Read More<i class=\"fa fa-caret-right icon-caret-right\"><\/i><\/a><\/p>\n","protected":false},"author":1,"featured_media":0,"parent":5983,"menu_order":0,"comment_status":"closed","ping_status":"closed","template":"","meta":{"_acf_changed":false,"_monsterinsights_skip_tracking":false,"_monsterinsights_sitenote_active":false,"_monsterinsights_sitenote_note":"","_monsterinsights_sitenote_category":0,"advanced_seo_description":"","jetpack_seo_html_title":"","jetpack_seo_noindex":false,"footnotes":"","_links_to":"","_links_to_target":""},"class_list":["post-5977","page","type-page","status-publish","hentry"],"acf":[],"jetpack-related-posts":[{"id":377,"url":"https:\/\/vankleekhill.ca\/moving-here\/education\/","url_meta":{"origin":5977,"position":0},"title":"Education","author":"BeyondINK","date":"juillet 20, 2011","format":false,"excerpt":"For pre-schoolers, Champlain Township has its own municipally-operated day care right in Vankleek Hill. Champlain Day Care is located at \u00c9cole \u00e9l\u00e9mentaire catholique Saint-Gr\u00e9goire at 50 Home Avenue in Vankleek Hill. Call 613-678-2123 or visit Champlain Day Nursery web page. In town, \u00c9cole \u00e9l\u00e9mentaire catholique Saint-Gr\u00e9goire is affiliated with the\u2026","rel":"","context":"Article similaire","block_context":{"text":"Article similaire","link":""},"img":{"alt_text":"","src":"","width":0,"height":0},"classes":[]},{"id":5981,"url":"https:\/\/vankleekhill.ca\/fr\/moving-here\/groupes-communautaires\/","url_meta":{"origin":5977,"position":1},"title":"Groupes communautaires","author":"BeyondINK","date":"juin 1, 2017","format":false,"excerpt":"Guides et Scouts 4027, route 34 Renseignements\u00a0: 613-678-3602 Cadets de Vankleek Hill 5814, route 34 Mercredis soirs Renseignements\u00a0: https:\/\/www.facebook.com\/57Sdg Club de curling de Vankleek Hill\u00a0a maintenant son propre site Web :\u00a0www.vankleekhillcurling.ca HOCKEY\u2013BALLE JUNIOR\u00a0(VANKLEEK HILL) Renseignements :\u00a0Fred Richardson, 613-678-3895 SOCCER VANKLEEK HILL Renseignements : Janis Renwick, 613-678-3601 LIGUE DE BALLE MOLLE\u2026","rel":"","context":"Article similaire","block_context":{"text":"Article similaire","link":""},"img":{"alt_text":"","src":"","width":0,"height":0},"classes":[]},{"id":63125,"url":"https:\/\/vankleekhill.ca\/fr\/boutique-2\/","url_meta":{"origin":5977,"position":2},"title":"Boutique","author":"BeyondINK","date":"novembre 13, 2025","format":false,"excerpt":"Souvenirs et cadeaux locaux de Vankleek Hill Une collection ancr\u00e9e dans l'histoire et la cr\u00e9ativit\u00e9 locales Des cartes postales vintage et des r\u00e9impressions de journaux historiques aux ornements artisanaux, en passant par les cartes illustr\u00e9es et les produits d\u00e9riv\u00e9s de la marque Review, chaque article raconte une histoire. De nombreuses\u2026","rel":"","context":"Article similaire","block_context":{"text":"Article similaire","link":""},"img":{"alt_text":"","src":"https:\/\/i0.wp.com\/vankleekhill.ca\/wp-content\/uploads\/2025\/11\/570320014_1231560452340388_7628045621529248404_n-e1763069301144.jpg?fit=1200%2C675&ssl=1&resize=350%2C200","width":350,"height":200,"srcset":"https:\/\/i0.wp.com\/vankleekhill.ca\/wp-content\/uploads\/2025\/11\/570320014_1231560452340388_7628045621529248404_n-e1763069301144.jpg?fit=1200%2C675&ssl=1&resize=350%2C200 1x, https:\/\/i0.wp.com\/vankleekhill.ca\/wp-content\/uploads\/2025\/11\/570320014_1231560452340388_7628045621529248404_n-e1763069301144.jpg?fit=1200%2C675&ssl=1&resize=525%2C300 1.5x, https:\/\/i0.wp.com\/vankleekhill.ca\/wp-content\/uploads\/2025\/11\/570320014_1231560452340388_7628045621529248404_n-e1763069301144.jpg?fit=1200%2C675&ssl=1&resize=700%2C400 2x, https:\/\/i0.wp.com\/vankleekhill.ca\/wp-content\/uploads\/2025\/11\/570320014_1231560452340388_7628045621529248404_n-e1763069301144.jpg?fit=1200%2C675&ssl=1&resize=1050%2C600 3x"},"classes":[]},{"id":5990,"url":"https:\/\/vankleekhill.ca\/fr\/comment-sy-rendre\/","url_meta":{"origin":5977,"position":3},"title":"Comment s\u2019y rendre","author":"BeyondINK","date":"juin 13, 2011","format":false,"excerpt":"View Larger Map La campagne et le charme d'un petit village de Vankleek Hill vous attendent! DE MONTR\u00c9AL: \u00c0 seulement une heure de Montr\u00e9al et \u00e0 45 minutes de l\u2019Ouest-de-l\u2019\u00cele. Prenez l\u2019autoroute 40 en direction ouest qui devient la 417 une fois que vous arrivez dans l\u2019Est ontarien. Prenez la\u2026","rel":"","context":"Article similaire","block_context":{"text":"Article similaire","link":""},"img":{"alt_text":"","src":"https:\/\/i0.wp.com\/vankleekhill.ca\/wp-content\/uploads\/2022\/06\/VKH_Map_outside_2022-04-27_final-a-300x209.jpg?resize=350%2C200&ssl=1","width":350,"height":200},"classes":[]},{"id":5969,"url":"https:\/\/vankleekhill.ca\/fr\/confidentialite-renonciation\/","url_meta":{"origin":5977,"position":4},"title":"Confidentialit\u00e9 &#8211; Renonciation","author":"BeyondINK","date":"juin 1, 2017","format":false,"excerpt":"Politique sur la protection de la vie priv\u00e9e-exclusion de responsabilit\u00e9 D\u00e9ni de responsabilit\u00e9 l\u00e9gale et Politique sur la protection de la vie priv\u00e9e Vankleekhill.ca se r\u00e9serve le droit de refuser sans r\u00e9serve tout contenu ill\u00e9gal, offensif, raciste ou dommageable. www. Vankleekhill.ca fournit un service \u00a0d'information seulement. Vankleekhill.ca n'accepte aucune responsabilit\u00e9\u2026","rel":"","context":"Article similaire","block_context":{"text":"Article similaire","link":""},"img":{"alt_text":"","src":"","width":0,"height":0},"classes":[]},{"id":5979,"url":"https:\/\/vankleekhill.ca\/fr\/moving-here\/eglises\/","url_meta":{"origin":5977,"position":5},"title":"\u00c9glises","author":"BeyondINK","date":"juin 1, 2017","format":false,"excerpt":"Seventh Day Adventist Church Route\u00a034 Vankleek Hill (Ontario)\u00a0 K0B 1R0 613-738-9520 St. John's Anglican Church 5845, rue Church Vankleek Hill (Ontario)\u00a0 K0B 1R0 613-678-2444 Vankleek Hill Baptist Church 156, rue Main Est Vankleek Hill (Ontario)\u00a0 K0B 1R0 613-678-3084 L'\u00c9glise Saint-Gr\u00e9goire de Vankleek Hill 137, rue Higginson Vankleek Hill (Ontario)\u00a0 K0B\u2026","rel":"","context":"Article similaire","block_context":{"text":"Article similaire","link":""},"img":{"alt_text":"","src":"https:\/\/i0.wp.com\/vankleekhill.ca\/wp-content\/uploads\/2011\/07\/St-Johns_Anglican-150x150.jpg?resize=350%2C200&ssl=1","width":350,"height":200},"classes":[]}],"jetpack_likes_enabled":true,"jetpack_sharing_enabled":true,"_links":{"self":[{"href":"https:\/\/vankleekhill.ca\/fr\/wp-json\/wp\/v2\/pages\/5977","targetHints":{"allow":["GET"]}}],"collection":[{"href":"https:\/\/vankleekhill.ca\/fr\/wp-json\/wp\/v2\/pages"}],"about":[{"href":"https:\/\/vankleekhill.ca\/fr\/wp-json\/wp\/v2\/types\/page"}],"author":[{"embeddable":true,"href":"https:\/\/vankleekhill.ca\/fr\/wp-json\/wp\/v2\/users\/1"}],"replies":[{"embeddable":true,"href":"https:\/\/vankleekhill.ca\/fr\/wp-json\/wp\/v2\/comments?post=5977"}],"version-history":[{"count":0,"href":"https:\/\/vankleekhill.ca\/fr\/wp-json\/wp\/v2\/pages\/5977\/revisions"}],"up":[{"embeddable":true,"href":"https:\/\/vankleekhill.ca\/fr\/wp-json\/wp\/v2\/pages\/5983"}],"wp:attachment":[{"href":"https:\/\/vankleekhill.ca\/fr\/wp-json\/wp\/v2\/media?parent=5977"}],"curies":[{"name":"wp","href":"https:\/\/api.w.org\/{rel}","templated":true}]}}