{"id":5997,"date":"2017-06-01T12:18:56","date_gmt":"2017-06-01T16:18:56","guid":{"rendered":"http:\/\/vankleekhill.ca?page_id=5997"},"modified":"2017-12-13T14:49:46","modified_gmt":"2017-12-13T19:49:46","slug":"ou-manger","status":"publish","type":"page","link":"https:\/\/vankleekhill.ca\/fr\/ou-manger\/","title":{"rendered":"O\u00f9 manger"},"content":{"rendered":"","protected":false},"excerpt":{"rendered":"","protected":false},"author":1,"featured_media":0,"parent":0,"menu_order":4,"comment_status":"closed","ping_status":"closed","template":"","meta":{"_acf_changed":false,"_monsterinsights_skip_tracking":false,"_monsterinsights_sitenote_active":false,"_monsterinsights_sitenote_note":"","_monsterinsights_sitenote_category":0,"advanced_seo_description":"","jetpack_seo_html_title":"","jetpack_seo_noindex":false,"footnotes":"","_links_to":"","_links_to_target":""},"class_list":["post-5997","page","type-page","status-publish","hentry"],"acf":[],"jetpack-related-posts":[{"id":5969,"url":"https:\/\/vankleekhill.ca\/fr\/confidentialite-renonciation\/","url_meta":{"origin":5997,"position":0},"title":"Confidentialit\u00e9 &#8211; Renonciation","author":"BeyondINK","date":"juin 1, 2017","format":false,"excerpt":"Politique sur la protection de la vie priv\u00e9e-exclusion de responsabilit\u00e9 D\u00e9ni de responsabilit\u00e9 l\u00e9gale et Politique sur la protection de la vie priv\u00e9e Vankleekhill.ca se r\u00e9serve le droit de refuser sans r\u00e9serve tout contenu ill\u00e9gal, offensif, raciste ou dommageable. www. Vankleekhill.ca fournit un service \u00a0d'information seulement. Vankleekhill.ca n'accepte aucune responsabilit\u00e9\u2026","rel":"","context":"Article similaire","block_context":{"text":"Article similaire","link":""},"img":{"alt_text":"","src":"","width":0,"height":0},"classes":[]},{"id":5990,"url":"https:\/\/vankleekhill.ca\/fr\/comment-sy-rendre\/","url_meta":{"origin":5997,"position":1},"title":"Comment s\u2019y rendre","author":"BeyondINK","date":"juin 13, 2011","format":false,"excerpt":"View Larger Map La campagne et le charme d'un petit village de Vankleek Hill vous attendent! DE MONTR\u00c9AL: \u00c0 seulement une heure de Montr\u00e9al et \u00e0 45 minutes de l\u2019Ouest-de-l\u2019\u00cele. Prenez l\u2019autoroute 40 en direction ouest qui devient la 417 une fois que vous arrivez dans l\u2019Est ontarien. Prenez la\u2026","rel":"","context":"Article similaire","block_context":{"text":"Article similaire","link":""},"img":{"alt_text":"","src":"https:\/\/i0.wp.com\/vankleekhill.ca\/wp-content\/uploads\/2022\/06\/VKH_Map_outside_2022-04-27_final-a-300x209.jpg?resize=350%2C200&ssl=1","width":350,"height":200},"classes":[]},{"id":63125,"url":"https:\/\/vankleekhill.ca\/fr\/boutique-2\/","url_meta":{"origin":5997,"position":2},"title":"Boutique","author":"BeyondINK","date":"novembre 13, 2025","format":false,"excerpt":"Souvenirs et cadeaux locaux de Vankleek Hill Une collection ancr\u00e9e dans l'histoire et la cr\u00e9ativit\u00e9 locales Des cartes postales vintage et des r\u00e9impressions de journaux historiques aux ornements artisanaux, en passant par les cartes illustr\u00e9es et les produits d\u00e9riv\u00e9s de la marque Review, chaque article raconte une histoire. De nombreuses\u2026","rel":"","context":"Article similaire","block_context":{"text":"Article similaire","link":""},"img":{"alt_text":"","src":"https:\/\/i0.wp.com\/vankleekhill.ca\/wp-content\/uploads\/2025\/11\/570320014_1231560452340388_7628045621529248404_n-e1763069301144.jpg?fit=1200%2C675&ssl=1&resize=350%2C200","width":350,"height":200,"srcset":"https:\/\/i0.wp.com\/vankleekhill.ca\/wp-content\/uploads\/2025\/11\/570320014_1231560452340388_7628045621529248404_n-e1763069301144.jpg?fit=1200%2C675&ssl=1&resize=350%2C200 1x, https:\/\/i0.wp.com\/vankleekhill.ca\/wp-content\/uploads\/2025\/11\/570320014_1231560452340388_7628045621529248404_n-e1763069301144.jpg?fit=1200%2C675&ssl=1&resize=525%2C300 1.5x, https:\/\/i0.wp.com\/vankleekhill.ca\/wp-content\/uploads\/2025\/11\/570320014_1231560452340388_7628045621529248404_n-e1763069301144.jpg?fit=1200%2C675&ssl=1&resize=700%2C400 2x, https:\/\/i0.wp.com\/vankleekhill.ca\/wp-content\/uploads\/2025\/11\/570320014_1231560452340388_7628045621529248404_n-e1763069301144.jpg?fit=1200%2C675&ssl=1&resize=1050%2C600 3x"},"classes":[]},{"id":5981,"url":"https:\/\/vankleekhill.ca\/fr\/moving-here\/groupes-communautaires\/","url_meta":{"origin":5997,"position":3},"title":"Groupes communautaires","author":"BeyondINK","date":"juin 1, 2017","format":false,"excerpt":"Guides et Scouts 4027, route 34 Renseignements\u00a0: 613-678-3602 Cadets de Vankleek Hill 5814, route 34 Mercredis soirs Renseignements\u00a0: https:\/\/www.facebook.com\/57Sdg Club de curling de Vankleek Hill\u00a0a maintenant son propre site Web :\u00a0www.vankleekhillcurling.ca HOCKEY\u2013BALLE JUNIOR\u00a0(VANKLEEK HILL) Renseignements :\u00a0Fred Richardson, 613-678-3895 SOCCER VANKLEEK HILL Renseignements : Janis Renwick, 613-678-3601 LIGUE DE BALLE MOLLE\u2026","rel":"","context":"Article similaire","block_context":{"text":"Article similaire","link":""},"img":{"alt_text":"","src":"","width":0,"height":0},"classes":[]}],"jetpack_likes_enabled":true,"jetpack_sharing_enabled":true,"_links":{"self":[{"href":"https:\/\/vankleekhill.ca\/fr\/wp-json\/wp\/v2\/pages\/5997","targetHints":{"allow":["GET"]}}],"collection":[{"href":"https:\/\/vankleekhill.ca\/fr\/wp-json\/wp\/v2\/pages"}],"about":[{"href":"https:\/\/vankleekhill.ca\/fr\/wp-json\/wp\/v2\/types\/page"}],"author":[{"embeddable":true,"href":"https:\/\/vankleekhill.ca\/fr\/wp-json\/wp\/v2\/users\/1"}],"replies":[{"embeddable":true,"href":"https:\/\/vankleekhill.ca\/fr\/wp-json\/wp\/v2\/comments?post=5997"}],"version-history":[{"count":0,"href":"https:\/\/vankleekhill.ca\/fr\/wp-json\/wp\/v2\/pages\/5997\/revisions"}],"wp:attachment":[{"href":"https:\/\/vankleekhill.ca\/fr\/wp-json\/wp\/v2\/media?parent=5997"}],"curies":[{"name":"wp","href":"https:\/\/api.w.org\/{rel}","templated":true}]}}