{"id":63125,"date":"2025-11-13T16:49:25","date_gmt":"2025-11-13T21:49:25","guid":{"rendered":"https:\/\/vankleekhill.ca\/boutique-2\/"},"modified":"2025-12-04T23:03:17","modified_gmt":"2025-12-05T04:03:17","slug":"boutique-2","status":"publish","type":"page","link":"https:\/\/vankleekhill.ca\/fr\/boutique-2\/","title":{"rendered":"Boutique"},"content":{"rendered":"\n<h1 class=\"wp-block-heading has-text-align-center has-text-color has-link-color wp-elements-23e702661edb520e98ed9fa1f6757db2\" style=\"color:#5c0000\">Souvenirs et cadeaux locaux de Vankleek Hill<\/h1>\n\n<div class=\"wp-block-columns is-layout-flex wp-container-core-columns-is-layout-9d6595d7 wp-block-columns-is-layout-flex\">\n<div class=\"wp-block-column is-layout-flow wp-block-column-is-layout-flow\">\n<h2 class=\"wp-block-heading has-medium-font-size\">Une collection ancr\u00e9e dans l&rsquo;histoire et la cr\u00e9ativit\u00e9 locales<\/h2>\n\n\n\n<p>Des <strong>cartes postales vintage<\/strong> et des r\u00e9impressions de<strong> journaux historiques<\/strong> aux <strong>ornements artisanaux<\/strong>, en passant par<strong> les cartes illustr\u00e9es <\/strong>et <strong>les produits d\u00e9riv\u00e9s de la marque Review<\/strong>, chaque article raconte une histoire. De nombreuses pi\u00e8ces sont cr\u00e9\u00e9es par des artistes et des artisans locaux, et chaque achat soutient le journalisme communautaire ind\u00e9pendant. <\/p>\n\n\n\n<p>D\u00e9couvrez une collection s\u00e9lectionn\u00e9e avec soin d&rsquo;objets souvenirs qui c\u00e9l\u00e8brent <strong>Vankleek Hill<\/strong>, <strong>Prescott-Russell<\/strong> et ses environs. Cette page pr\u00e9sente certains de nos articles pr\u00e9f\u00e9r\u00e9s inspir\u00e9s par la r\u00e9gion, tous disponibles dans la boutique de cadeaux du <strong>journal The Review<\/strong>. <\/p>\n\n\n\n<p>D\u00e9couvrez une collection s\u00e9lectionn\u00e9e avec soin d&rsquo;objets souvenirs qui c\u00e9l\u00e8brent Vankleek Hill, Prescott-Russell et ses environs. Cette page pr\u00e9sente certains de nos articles pr\u00e9f\u00e9r\u00e9s inspir\u00e9s par la r\u00e9gion, tous disponibles dans la boutique de cadeaux du journal The Review.<\/p>\n<\/div>\n\n\n\n<div class=\"wp-block-column is-layout-flow wp-block-column-is-layout-flow\">\n<h2 class=\"wp-block-heading has-medium-font-size\">Achetez en ligne ou rendez-nous visite en personne<\/h2>\n\n\n\n<p><em>Inspir\u00e9 par l&rsquo;histoire, le patrimoine et le charme des petites villes de notre r\u00e9gio<\/em><\/p>\n\n\n\n<p>Tous les articles pr\u00e9sent\u00e9s ici peuvent \u00eatre command\u00e9s en ligne sur <strong><a href=\"https:\/\/thereview.ca\/shop\/\" target=\"_blank\" rel=\"noreferrer noopener\">TheReview.ca\/shop<\/a><\/strong> \u2014 rapidement, facilement et en toute s\u00e9curit\u00e9. EN PLUS ! Nous disposons d\u00e9sormais d&rsquo;un nouveau pr\u00e9sentoir dans nos bureaux o\u00f9 vous pouvez d\u00e9couvrir les articles en personne.<\/p>\n\n\n\n<h4 class=\"wp-block-heading has-text-color has-link-color wp-elements-bd2c49e485f72725d241fd7ccd659922\" style=\"color:#660b0b\"><strong>Remarque : <em>Ces articles peuvent \u00eatre r\u00e9cup\u00e9r\u00e9s au bureau de The Review \u00e0 Vankleek Hill. Les frais d&rsquo;exp\u00e9dition ne sont pas inclus. <\/em><\/strong><\/h4>\n\n\n\n<h4 class=\"wp-block-heading\">Vous souhaitez les faire exp\u00e9dier ? Appelez-nous au 613-678-3327 pour organiser la livraison. <\/h4>\n\n\n\n<p><strong>Bureau d&rsquo;examen :<\/strong> 76, rue Main Est, Vankleek Hill<br\/><strong>Heures d&rsquo;ouverture :<\/strong> du lundi au vendredi, de 9 h 30 \u00e0 15 h<\/p>\n<\/div>\n<\/div>\n\n<h3 class=\"wp-block-heading has-text-align-center\"><strong>Cadeaux vedettes de Vankleek Hill<\/strong><\/h3>\n\n<div class=\"wp-block-columns alignwide is-layout-flex wp-container-core-columns-is-layout-829b1d53 wp-block-columns-is-layout-flex\" style=\"margin-bottom:0\">\n<div class=\"wp-block-column has-text-color has-background has-link-color wp-elements-2fc185271ecace3cfc003d2802d1ca84 is-layout-flow wp-block-column-is-layout-flow\" style=\"color:#000000;background-color:#ececec;padding-top:2em;padding-right:2em;padding-bottom:2em;padding-left:2em\">\n<h4 class=\"wp-block-heading has-text-align-center\">Cartes postales anciennes de Vankleek Hill<\/h4>\n\n\n<div class=\"wp-block-image\">\n<figure class=\"aligncenter size-full\"><img data-recalc-dims=\"1\" loading=\"lazy\" decoding=\"async\" width=\"800\" height=\"800\" src=\"https:\/\/i0.wp.com\/vankleekhill.ca\/wp-content\/uploads\/2025\/11\/Postcards-Historical-series-copy.jpg?resize=800%2C800&#038;ssl=1\" alt=\"\" class=\"wp-image-63085\" style=\"object-fit:cover\" srcset=\"https:\/\/i0.wp.com\/vankleekhill.ca\/wp-content\/uploads\/2025\/11\/Postcards-Historical-series-copy.jpg?w=800&amp;ssl=1 800w, https:\/\/i0.wp.com\/vankleekhill.ca\/wp-content\/uploads\/2025\/11\/Postcards-Historical-series-copy.jpg?resize=300%2C300&amp;ssl=1 300w, https:\/\/i0.wp.com\/vankleekhill.ca\/wp-content\/uploads\/2025\/11\/Postcards-Historical-series-copy.jpg?resize=150%2C150&amp;ssl=1 150w, https:\/\/i0.wp.com\/vankleekhill.ca\/wp-content\/uploads\/2025\/11\/Postcards-Historical-series-copy.jpg?resize=768%2C768&amp;ssl=1 768w\" sizes=\"auto, (max-width: 800px) 100vw, 800px\" \/><\/figure>\n<\/div>\n\n\n<p>De magnifiques reproductions repr\u00e9sentant des b\u00e2timents historiques, des paysages urbains et des monuments locaux. Id\u00e9ales pour \u00eatre encadr\u00e9es ou envoy\u00e9es par la poste. <\/p>\n\n\n\n<p><a href=\"https:\/\/thereview.ca\/shop\/vankleek-hill-postcard-historical-series\/\" target=\"_blank\" rel=\"noreferrer noopener\">Achetez des cartes postales sur TheReview.ca \u2192<\/a><\/p>\n<\/div>\n\n\n\n<div class=\"wp-block-column has-white-color has-text-color has-background has-link-color wp-elements-76f5f0cfb9aa15b08fb276cdd9f34b87 is-layout-flow wp-block-column-is-layout-flow\" style=\"background-color:#600000;padding-top:2em;padding-right:2em;padding-bottom:2em;padding-left:2em\">\n<h4 class=\"wp-block-heading has-text-align-center has-white-color has-text-color has-link-color wp-elements-1519f6fe4f6108c1d1bc4a38581fe47e\">Ornements en bois faits \u00e0 la main<\/h4>\n\n\n<div class=\"wp-block-image\">\n<figure class=\"aligncenter size-full\"><img data-recalc-dims=\"1\" loading=\"lazy\" decoding=\"async\" width=\"800\" height=\"800\" src=\"https:\/\/i0.wp.com\/vankleekhill.ca\/wp-content\/uploads\/2025\/11\/ornaments-14-copy.jpg?resize=800%2C800&#038;ssl=1\" alt=\"\" class=\"wp-image-63084\" style=\"object-fit:cover\" srcset=\"https:\/\/i0.wp.com\/vankleekhill.ca\/wp-content\/uploads\/2025\/11\/ornaments-14-copy.jpg?w=800&amp;ssl=1 800w, https:\/\/i0.wp.com\/vankleekhill.ca\/wp-content\/uploads\/2025\/11\/ornaments-14-copy.jpg?resize=300%2C300&amp;ssl=1 300w, https:\/\/i0.wp.com\/vankleekhill.ca\/wp-content\/uploads\/2025\/11\/ornaments-14-copy.jpg?resize=150%2C150&amp;ssl=1 150w, https:\/\/i0.wp.com\/vankleekhill.ca\/wp-content\/uploads\/2025\/11\/ornaments-14-copy.jpg?resize=768%2C768&amp;ssl=1 768w\" sizes=\"auto, (max-width: 800px) 100vw, 800px\" \/><\/figure>\n<\/div>\n\n\n<p class=\"has-white-color has-text-color has-link-color wp-elements-9dff7aad7b5006f3d11991b334af9014\">Ornements en bois fabriqu\u00e9s localement sur le th\u00e8me du patrimoine et des saisons.<\/p>\n\n\n\n<p class=\"has-white-color has-text-color has-link-color wp-elements-0674be84ec25752ed46a0a04131cc3fd\"><a href=\"https:\/\/thereview.ca\/shop\/vankleek-hill-ornament\/\" target=\"_blank\" rel=\"noreferrer noopener\">Acheter des d\u00e9corations \u2192<\/a><\/p>\n<\/div>\n\n\n\n<div class=\"wp-block-column has-text-color has-background has-link-color wp-elements-fc990a4735dadae459414a0fdd65fefd is-layout-flow wp-block-column-is-layout-flow\" style=\"color:#000000;background-color:#ececec;padding-top:2em;padding-right:2em;padding-bottom:2em;padding-left:2em\">\n<h4 class=\"wp-block-heading has-text-align-center\">Cartes illustr\u00e9es<\/h4>\n\n\n<div class=\"wp-block-image\">\n<figure class=\"aligncenter size-full\"><img data-recalc-dims=\"1\" loading=\"lazy\" decoding=\"async\" width=\"454\" height=\"454\" src=\"https:\/\/i0.wp.com\/vankleekhill.ca\/wp-content\/uploads\/2025\/11\/vkh-notecard-1-454x454-1.jpg?resize=454%2C454&#038;ssl=1\" alt=\"\" class=\"wp-image-63089\" style=\"object-fit:cover\" srcset=\"https:\/\/i0.wp.com\/vankleekhill.ca\/wp-content\/uploads\/2025\/11\/vkh-notecard-1-454x454-1.jpg?w=454&amp;ssl=1 454w, https:\/\/i0.wp.com\/vankleekhill.ca\/wp-content\/uploads\/2025\/11\/vkh-notecard-1-454x454-1.jpg?resize=300%2C300&amp;ssl=1 300w, https:\/\/i0.wp.com\/vankleekhill.ca\/wp-content\/uploads\/2025\/11\/vkh-notecard-1-454x454-1.jpg?resize=150%2C150&amp;ssl=1 150w\" sizes=\"auto, (max-width: 454px) 100vw, 454px\" \/><\/figure>\n<\/div>\n\n\n<p>Cr\u00e9ation artistique inspir\u00e9e par l&rsquo;architecture, les maisons en pain d&rsquo;\u00e9pice et les paysages pittoresques de Vankleek Hill.<\/p>\n\n\n\n<p><a href=\"https:\/\/thereview.ca\/shop\/vankleek-hill-house-notecards\/\" target=\"_blank\" rel=\"noreferrer noopener\">Acheter des cartes \u2192<\/a><\/p>\n<\/div>\n\n\n\n<div class=\"wp-block-column has-white-color has-text-color has-background has-link-color wp-elements-ffcb5e39b73ae9c56586af9c1fcc0db7 is-layout-flow wp-block-column-is-layout-flow\" style=\"background-color:#600000;padding-top:2em;padding-right:2em;padding-bottom:2em;padding-left:2em\">\n<h4 class=\"wp-block-heading has-text-align-center has-white-color has-text-color has-link-color wp-elements-9348dca7daaa357f8c1ccad5c248e01c\">R\u00e9impression de journaux historiques<\/h4>\n\n\n<div class=\"wp-block-image\">\n<figure class=\"aligncenter size-full\"><img data-recalc-dims=\"1\" loading=\"lazy\" decoding=\"async\" width=\"440\" height=\"440\" src=\"https:\/\/i0.wp.com\/vankleekhill.ca\/wp-content\/uploads\/2025\/11\/Eastern-Ontario-Review-reprinted-edition-1894-edit-for-bookshop-440x440-1.jpg?resize=440%2C440&#038;ssl=1\" alt=\"\" class=\"wp-image-63077\" style=\"object-fit:cover\" srcset=\"https:\/\/i0.wp.com\/vankleekhill.ca\/wp-content\/uploads\/2025\/11\/Eastern-Ontario-Review-reprinted-edition-1894-edit-for-bookshop-440x440-1.jpg?w=440&amp;ssl=1 440w, https:\/\/i0.wp.com\/vankleekhill.ca\/wp-content\/uploads\/2025\/11\/Eastern-Ontario-Review-reprinted-edition-1894-edit-for-bookshop-440x440-1.jpg?resize=300%2C300&amp;ssl=1 300w, https:\/\/i0.wp.com\/vankleekhill.ca\/wp-content\/uploads\/2025\/11\/Eastern-Ontario-Review-reprinted-edition-1894-edit-for-bookshop-440x440-1.jpg?resize=150%2C150&amp;ssl=1 150w\" sizes=\"auto, (max-width: 440px) 100vw, 440px\" \/><\/figure>\n<\/div>\n\n\n<p class=\"has-white-color has-text-color has-link-color wp-elements-9d794dcbe4afddb4bd47e19a82d50626\"><em>Poss\u00e9dez un moment de l&rsquo;histoire locale ! R\u00e9impressions de haute qualit\u00e9 issues des archives de The Review.<\/em> <\/p>\n\n\n\n<p class=\"has-white-color has-text-color has-link-color wp-elements-d116d766e26e96d62808d57892219a15\"><a href=\"https:\/\/thereview.ca\/shop\/reprinted-1894-edition\/\" target=\"_blank\" rel=\"noreferrer noopener\">Acheter des gravures historiques \u2192<\/a><\/p>\n<\/div>\n<\/div>\n\n<h3 class=\"wp-block-heading has-text-align-center\"><strong>Marchandises de marque Review<\/strong><\/h3>\n\n<div class=\"wp-block-columns alignwide is-layout-flex wp-container-core-columns-is-layout-829b1d53 wp-block-columns-is-layout-flex\" style=\"margin-bottom:0\">\n<div class=\"wp-block-column has-text-color has-background has-link-color wp-elements-33247a1c4016e07d6663b675987149c1 is-layout-flow wp-block-column-is-layout-flow\" style=\"color:#000000;background-color:#ececec;padding-top:2em;padding-right:2em;padding-bottom:2em;padding-left:2em\">\n<h4 class=\"wp-block-heading has-text-align-center is-light\">Le sac tote du Review<\/h4>\n\n\n<div class=\"wp-block-image\">\n<figure class=\"aligncenter size-full\"><img data-recalc-dims=\"1\" loading=\"lazy\" decoding=\"async\" width=\"800\" height=\"800\" src=\"https:\/\/i0.wp.com\/vankleekhill.ca\/wp-content\/uploads\/2025\/11\/Review-Tote-Bag.jpg?resize=800%2C800&#038;ssl=1\" alt=\"\" class=\"wp-image-63087\" style=\"object-fit:cover\" srcset=\"https:\/\/i0.wp.com\/vankleekhill.ca\/wp-content\/uploads\/2025\/11\/Review-Tote-Bag.jpg?w=800&amp;ssl=1 800w, https:\/\/i0.wp.com\/vankleekhill.ca\/wp-content\/uploads\/2025\/11\/Review-Tote-Bag.jpg?resize=300%2C300&amp;ssl=1 300w, https:\/\/i0.wp.com\/vankleekhill.ca\/wp-content\/uploads\/2025\/11\/Review-Tote-Bag.jpg?resize=150%2C150&amp;ssl=1 150w, https:\/\/i0.wp.com\/vankleekhill.ca\/wp-content\/uploads\/2025\/11\/Review-Tote-Bag.jpg?resize=768%2C768&amp;ssl=1 768w\" sizes=\"auto, (max-width: 800px) 100vw, 800px\" \/><\/figure>\n<\/div>\n\n\n<p>Un sac fourre-tout durable, parfait pour les courses, l\u2019\u00e9picerie, les livres ou les journ\u00e9es au march\u00e9 \u2014 tout en appuyant le journalisme local.<\/p>\n\n\n\n<p><a href=\"https:\/\/thereview.ca\/shop\/review-tote-bag-black\/\" target=\"_blank\" rel=\"noreferrer noopener\">Achetez le sac \u2192<\/a><\/p>\n<\/div>\n\n\n\n<div class=\"wp-block-column has-white-color has-text-color has-background has-link-color wp-elements-1640daf69b216a4de4d04b951686b120 is-layout-flow wp-block-column-is-layout-flow\" style=\"background-color:#600000;padding-top:2em;padding-right:2em;padding-bottom:2em;padding-left:2em\">\n<h4 class=\"wp-block-heading has-text-align-center has-white-color has-text-color has-link-color wp-elements-6743594794ca7aa3387f3fdaba265c97\">La tasse de The Review<\/h4>\n\n\n<div class=\"wp-block-image\">\n<figure class=\"aligncenter size-large\"><img data-recalc-dims=\"1\" loading=\"lazy\" decoding=\"async\" width=\"960\" height=\"540\" src=\"https:\/\/i0.wp.com\/vankleekhill.ca\/wp-content\/uploads\/2025\/11\/IMG_20250918_154540487_HDR.jpg?resize=960%2C540&#038;ssl=1\" alt=\"\" class=\"wp-image-63080\" style=\"object-fit:cover\"\/><figcaption class=\"wp-element-caption\"> <\/figcaption><\/figure>\n<\/div>\n\n\n<p class=\"has-white-color has-text-color has-link-color wp-elements-c18c945c467db126c99896136f343d68\">Savourez votre caf\u00e9 du matin dans une tasse \u00e9l\u00e9gante aux couleurs du Review \u2014 un excellent cadeau pour les lecteurs et les gens de chez nous.<\/p>\n\n\n\n<p class=\"has-white-color has-text-color has-link-color wp-elements-e0190bbe44dcb191adeab5db151872ed\"><a href=\"https:\/\/thereview.ca\/shop\/\" target=\"_blank\" rel=\"noreferrer noopener\">Achetez la tasse \u2192<\/a><\/p>\n<\/div>\n\n\n\n<div class=\"wp-block-column has-text-color has-background has-link-color wp-elements-915a1f88d751241beb65951f28ea6acd is-layout-flow wp-block-column-is-layout-flow\" style=\"color:#000000;background-color:#ececec;padding-top:2em;padding-right:2em;padding-bottom:2em;padding-left:2em\">\n<h4 class=\"wp-block-heading has-text-align-center\">La casquette de The Review<\/h4>\n\n\n<div class=\"wp-block-image\">\n<figure class=\"aligncenter size-full\"><img data-recalc-dims=\"1\" loading=\"lazy\" decoding=\"async\" width=\"500\" height=\"500\" src=\"https:\/\/i0.wp.com\/vankleekhill.ca\/wp-content\/uploads\/2025\/11\/Review-Cap-copy.jpg?resize=500%2C500&#038;ssl=1\" alt=\"\" class=\"wp-image-63086\" style=\"object-fit:cover\" srcset=\"https:\/\/i0.wp.com\/vankleekhill.ca\/wp-content\/uploads\/2025\/11\/Review-Cap-copy.jpg?w=500&amp;ssl=1 500w, https:\/\/i0.wp.com\/vankleekhill.ca\/wp-content\/uploads\/2025\/11\/Review-Cap-copy.jpg?resize=300%2C300&amp;ssl=1 300w, https:\/\/i0.wp.com\/vankleekhill.ca\/wp-content\/uploads\/2025\/11\/Review-Cap-copy.jpg?resize=150%2C150&amp;ssl=1 150w\" sizes=\"auto, (max-width: 500px) 100vw, 500px\" \/><\/figure>\n<\/div>\n\n\n<p>Une casquette classique et confortable arborant le logo du Review \u2014 parfaite pour afficher votre fiert\u00e9 communautaire.<\/p>\n\n\n\n<p><a href=\"https:\/\/thereview.ca\/shop\/navy-cap\/\" target=\"_blank\" rel=\"noreferrer noopener\">Achetez la casquette \u2192<\/a><\/p><div class=\"vankl-front-events\" style=\"text-align: center;\" id=\"vankl-4100489825\"><div class=\"vankl-adlabel\">Advertisements<\/div><p><script type=\"text\/javascript\">\nvar bannersnack_embed = {\"hash\":\"bcf6pwogs\",\"width\":970,\"height\":250,\"t\":1649884945.761,\"userId\":40968303,\"responsive\":true,\"type\":\"html5\"};\n<\/script><br \/>\n<script type=\"text\/javascript\" src=\"\/\/cdn.bannersnack.com\/iframe\/embed.js\"><\/script><\/p>\n<\/div>\n<\/div>\n<\/div>\n\n<div style=\"height:20px\" aria-hidden=\"true\" class=\"wp-block-spacer\"><\/div>\n\n<div class=\"wp-block-columns alignfull is-layout-flex wp-container-core-columns-is-layout-9d6595d7 wp-block-columns-is-layout-flex\">\n<div class=\"wp-block-column is-layout-flow wp-block-column-is-layout-flow\" style=\"flex-basis:50%\">\n<div class=\"wp-block-cover is-light\" style=\"min-height:600px;aspect-ratio:unset;\"><span aria-hidden=\"true\" class=\"wp-block-cover__background has-background-dim-100 has-background-dim\" style=\"background-color:#f6f6f6\"><\/span><div class=\"wp-block-cover__inner-container is-layout-flow wp-block-cover-is-layout-flow\"><div class=\"wp-block-image\">\n<figure class=\"aligncenter size-medium\"><img data-recalc-dims=\"1\" height=\"225\" width=\"300\" decoding=\"async\" src=\"https:\/\/i0.wp.com\/vankleekhill.ca\/wp-content\/uploads\/2025\/11\/570320014_1231560452340388_7628045621529248404_n.jpg?resize=300%2C225&#038;ssl=1\" alt=\"\" class=\"wp-image-63095\"\/><\/figure>\n<\/div><\/div><\/div>\n<\/div>\n\n\n\n<div class=\"wp-block-column is-vertically-aligned-center is-layout-flow wp-block-column-is-layout-flow\" style=\"padding-top:1em;padding-right:1em;padding-bottom:1em;padding-left:1em\">\n<div class=\"wp-block-columns is-layout-flex wp-container-core-columns-is-layout-9d6595d7 wp-block-columns-is-layout-flex\">\n<div class=\"wp-block-column is-layout-flow wp-block-column-is-layout-flow\" style=\"flex-basis:320px\">\n<h3 class=\"wp-block-heading has-text-color has-link-color wp-elements-3099e07ae2e2dd5b711044781ee76426\" style=\"color:#5c0000\">Parcourez la collection compl\u00e8te<\/h3>\n\n\n\n<p>Visitez <a href=\"https:\/\/thereview.ca\/shop\/\" target=\"_blank\" rel=\"noreferrer noopener\">TheReview.ca\/shop<\/a> pour d\u00e9couvrir tous nos produits, y compris les articles saisonniers et les \u00e9ditions limit\u00e9es.<\/p>\n\n\n\n<p>Et n\u2019oubliez pas \u2014 vous \u00eates toujours les bienvenus au bureau, <strong>du lundi au vendredi, de 9 h 30 \u00e0 15 h<\/strong>, pour d\u00e9couvrir notre nouveau pr\u00e9sentoir en personne.<\/p>\n\n\n\n<p class=\"has-text-color has-link-color wp-elements-ac9511124f3858e33f6e3bf29444657e\" style=\"color:#5c0000\"><strong>Merci de soutenir la cr\u00e9ativit\u00e9 locale et le journalisme communautaire !<\/strong><\/p>\n<\/div>\n<\/div>\n<\/div>\n<\/div>\n\n<p><\/p>\n","protected":false},"excerpt":{"rendered":"<p>Souvenirs et cadeaux locaux de Vankleek Hill Une collection ancr\u00e9e dans l&rsquo;histoire et la cr\u00e9ativit\u00e9 locales Des cartes postales vintage et des r\u00e9impressions de journaux historiques aux ornements artisanaux, en passant par les cartes illustr\u00e9es et les produits d\u00e9riv\u00e9s de la marque Review, chaque article raconte une histoire. De nombreuses pi\u00e8ces sont cr\u00e9\u00e9es par des&#8230; <\/p>\n<div class=\"clear\"><\/div>\n<p><a href=\"https:\/\/vankleekhill.ca\/fr\/boutique-2\/\" class=\"excerpt-read-more\">Read More<i class=\"fa fa-caret-right icon-caret-right\"><\/i><\/a><\/p>\n","protected":false},"author":1,"featured_media":63124,"parent":0,"menu_order":0,"comment_status":"closed","ping_status":"closed","template":"","meta":{"_acf_changed":false,"_monsterinsights_skip_tracking":false,"_monsterinsights_sitenote_active":false,"_monsterinsights_sitenote_note":"","_monsterinsights_sitenote_category":0,"advanced_seo_description":"","jetpack_seo_html_title":"","jetpack_seo_noindex":false,"footnotes":"","_links_to":"","_links_to_target":""},"class_list":["post-63125","page","type-page","status-publish","has-post-thumbnail","hentry"],"acf":[],"jetpack-related-posts":[{"id":5990,"url":"https:\/\/vankleekhill.ca\/fr\/comment-sy-rendre\/","url_meta":{"origin":63125,"position":0},"title":"Comment s\u2019y rendre","author":"BeyondINK","date":"juin 13, 2011","format":false,"excerpt":"View Larger Map La campagne et le charme d'un petit village de Vankleek Hill vous attendent! DE MONTR\u00c9AL: \u00c0 seulement une heure de Montr\u00e9al et \u00e0 45 minutes de l\u2019Ouest-de-l\u2019\u00cele. Prenez l\u2019autoroute 40 en direction ouest qui devient la 417 une fois que vous arrivez dans l\u2019Est ontarien. Prenez la\u2026","rel":"","context":"Article similaire","block_context":{"text":"Article similaire","link":""},"img":{"alt_text":"","src":"https:\/\/i0.wp.com\/vankleekhill.ca\/wp-content\/uploads\/2022\/06\/VKH_Map_outside_2022-04-27_final-a-300x209.jpg?resize=350%2C200&ssl=1","width":350,"height":200},"classes":[]},{"id":5969,"url":"https:\/\/vankleekhill.ca\/fr\/confidentialite-renonciation\/","url_meta":{"origin":63125,"position":1},"title":"Confidentialit\u00e9 &#8211; Renonciation","author":"BeyondINK","date":"juin 1, 2017","format":false,"excerpt":"Politique sur la protection de la vie priv\u00e9e-exclusion de responsabilit\u00e9 D\u00e9ni de responsabilit\u00e9 l\u00e9gale et Politique sur la protection de la vie priv\u00e9e Vankleekhill.ca se r\u00e9serve le droit de refuser sans r\u00e9serve tout contenu ill\u00e9gal, offensif, raciste ou dommageable. www. Vankleekhill.ca fournit un service \u00a0d'information seulement. Vankleekhill.ca n'accepte aucune responsabilit\u00e9\u2026","rel":"","context":"Article similaire","block_context":{"text":"Article similaire","link":""},"img":{"alt_text":"","src":"","width":0,"height":0},"classes":[]}],"jetpack_likes_enabled":true,"jetpack_sharing_enabled":true,"_links":{"self":[{"href":"https:\/\/vankleekhill.ca\/fr\/wp-json\/wp\/v2\/pages\/63125","targetHints":{"allow":["GET"]}}],"collection":[{"href":"https:\/\/vankleekhill.ca\/fr\/wp-json\/wp\/v2\/pages"}],"about":[{"href":"https:\/\/vankleekhill.ca\/fr\/wp-json\/wp\/v2\/types\/page"}],"author":[{"embeddable":true,"href":"https:\/\/vankleekhill.ca\/fr\/wp-json\/wp\/v2\/users\/1"}],"replies":[{"embeddable":true,"href":"https:\/\/vankleekhill.ca\/fr\/wp-json\/wp\/v2\/comments?post=63125"}],"version-history":[{"count":4,"href":"https:\/\/vankleekhill.ca\/fr\/wp-json\/wp\/v2\/pages\/63125\/revisions"}],"predecessor-version":[{"id":63187,"href":"https:\/\/vankleekhill.ca\/fr\/wp-json\/wp\/v2\/pages\/63125\/revisions\/63187"}],"wp:featuredmedia":[{"embeddable":true,"href":"https:\/\/vankleekhill.ca\/fr\/wp-json\/wp\/v2\/media\/63124"}],"wp:attachment":[{"href":"https:\/\/vankleekhill.ca\/fr\/wp-json\/wp\/v2\/media?parent=63125"}],"curies":[{"name":"wp","href":"https:\/\/api.w.org\/{rel}","templated":true}]}}