{"id":9198,"date":"2017-12-13T14:07:28","date_gmt":"2017-12-13T19:07:28","guid":{"rendered":"https:\/\/vankleekhill.ca\/?page_id=9198"},"modified":"2024-11-04T10:13:01","modified_gmt":"2024-11-04T15:13:01","slug":"acceuil","status":"publish","type":"page","link":"https:\/\/vankleekhill.ca\/fr\/","title":{"rendered":"Accueil"},"content":{"rendered":"","protected":false},"excerpt":{"rendered":"","protected":false},"author":1,"featured_media":35891,"parent":0,"menu_order":0,"comment_status":"closed","ping_status":"open","template":"","meta":{"_acf_changed":false,"_monsterinsights_skip_tracking":false,"_monsterinsights_sitenote_active":false,"_monsterinsights_sitenote_note":"","_monsterinsights_sitenote_category":0,"advanced_seo_description":"","jetpack_seo_html_title":"","jetpack_seo_noindex":false,"footnotes":"","_links_to":"","_links_to_target":""},"class_list":["post-9198","page","type-page","status-publish","has-post-thumbnail","hentry"],"acf":[],"jetpack-related-posts":[{"id":5977,"url":"https:\/\/vankleekhill.ca\/fr\/moving-here\/education\/","url_meta":{"origin":9198,"position":0},"title":"\u00c9ducation","author":"BeyondINK","date":"juin 1, 2017","format":false,"excerpt":"La garderie du canton de Champlain,\u00a0g\u00e9r\u00e9e par la municipalit\u00e9, accueille les enfants d\u2019\u00e2ge pr\u00e9scolaire. Elle est situ\u00e9e \u00e0 Vankleek Hill, au 79, rue Derby. T\u00e9l\u00e9phone\u00a0: 613-678-2123 http:\/\/www.champlain.ca\/fr\/child_care_dept_head.asp En ville, l\u2019\u00c9cole \u00e9l\u00e9mentaire catholique Saint-Gr\u00e9goire est affili\u00e9e au\u00a0conseil scolaire qui suit. Cette institution offre un programme \u00e9ducatif et catholique\u00a0de langue fran\u00e7aise aux\u2026","rel":"","context":"Article similaire","block_context":{"text":"Article similaire","link":""},"img":{"alt_text":"","src":"","width":0,"height":0},"classes":[]},{"id":5981,"url":"https:\/\/vankleekhill.ca\/fr\/moving-here\/groupes-communautaires\/","url_meta":{"origin":9198,"position":1},"title":"Groupes communautaires","author":"BeyondINK","date":"juin 1, 2017","format":false,"excerpt":"Guides et Scouts 4027, route 34 Renseignements\u00a0: 613-678-3602 Cadets de Vankleek Hill 5814, route 34 Mercredis soirs Renseignements\u00a0: https:\/\/www.facebook.com\/57Sdg Club de curling de Vankleek Hill\u00a0a maintenant son propre site Web :\u00a0www.vankleekhillcurling.ca HOCKEY\u2013BALLE JUNIOR\u00a0(VANKLEEK HILL) Renseignements :\u00a0Fred Richardson, 613-678-3895 SOCCER VANKLEEK HILL Renseignements : Janis Renwick, 613-678-3601 LIGUE DE BALLE MOLLE\u2026","rel":"","context":"Article similaire","block_context":{"text":"Article similaire","link":""},"img":{"alt_text":"","src":"","width":0,"height":0},"classes":[]}],"jetpack_likes_enabled":true,"jetpack_sharing_enabled":true,"_links":{"self":[{"href":"https:\/\/vankleekhill.ca\/fr\/wp-json\/wp\/v2\/pages\/9198","targetHints":{"allow":["GET"]}}],"collection":[{"href":"https:\/\/vankleekhill.ca\/fr\/wp-json\/wp\/v2\/pages"}],"about":[{"href":"https:\/\/vankleekhill.ca\/fr\/wp-json\/wp\/v2\/types\/page"}],"author":[{"embeddable":true,"href":"https:\/\/vankleekhill.ca\/fr\/wp-json\/wp\/v2\/users\/1"}],"replies":[{"embeddable":true,"href":"https:\/\/vankleekhill.ca\/fr\/wp-json\/wp\/v2\/comments?post=9198"}],"version-history":[{"count":0,"href":"https:\/\/vankleekhill.ca\/fr\/wp-json\/wp\/v2\/pages\/9198\/revisions"}],"wp:featuredmedia":[{"embeddable":true,"href":"https:\/\/vankleekhill.ca\/fr\/wp-json\/wp\/v2\/media\/35891"}],"wp:attachment":[{"href":"https:\/\/vankleekhill.ca\/fr\/wp-json\/wp\/v2\/media?parent=9198"}],"curies":[{"name":"wp","href":"https:\/\/api.w.org\/{rel}","templated":true}]}}