{"id":9246,"date":"2017-12-13T16:46:24","date_gmt":"2017-12-13T21:46:24","guid":{"rendered":"https:\/\/vankleekhill.ca\/?page_id=9246"},"modified":"2024-11-13T14:34:39","modified_gmt":"2024-11-13T19:34:39","slug":"contactez-nous","status":"publish","type":"page","link":"https:\/\/vankleekhill.ca\/fr\/contactez-nous\/","title":{"rendered":"Contactez-nous"},"content":{"rendered":"","protected":false},"excerpt":{"rendered":"","protected":false},"author":1,"featured_media":0,"parent":0,"menu_order":0,"comment_status":"closed","ping_status":"open","template":"","meta":{"_acf_changed":false,"_monsterinsights_skip_tracking":false,"_monsterinsights_sitenote_active":false,"_monsterinsights_sitenote_note":"","_monsterinsights_sitenote_category":0,"advanced_seo_description":"","jetpack_seo_html_title":"","jetpack_seo_noindex":false,"footnotes":"","_links_to":"","_links_to_target":""},"class_list":["post-9246","page","type-page","status-publish","hentry"],"acf":[],"jetpack-related-posts":[{"id":5969,"url":"https:\/\/vankleekhill.ca\/fr\/confidentialite-renonciation\/","url_meta":{"origin":9246,"position":0},"title":"Confidentialit\u00e9 &#8211; Renonciation","author":"BeyondINK","date":"juin 1, 2017","format":false,"excerpt":"Politique sur la protection de la vie priv\u00e9e-exclusion de responsabilit\u00e9 D\u00e9ni de responsabilit\u00e9 l\u00e9gale et Politique sur la protection de la vie priv\u00e9e Vankleekhill.ca se r\u00e9serve le droit de refuser sans r\u00e9serve tout contenu ill\u00e9gal, offensif, raciste ou dommageable. www. Vankleekhill.ca fournit un service \u00a0d'information seulement. Vankleekhill.ca n'accepte aucune responsabilit\u00e9\u2026","rel":"","context":"Article similaire","block_context":{"text":"Article similaire","link":""},"img":{"alt_text":"","src":"","width":0,"height":0},"classes":[]},{"id":63125,"url":"https:\/\/vankleekhill.ca\/fr\/boutique-2\/","url_meta":{"origin":9246,"position":1},"title":"Boutique","author":"BeyondINK","date":"novembre 13, 2025","format":false,"excerpt":"Souvenirs et cadeaux locaux de Vankleek Hill Une collection ancr\u00e9e dans l'histoire et la cr\u00e9ativit\u00e9 locales Des cartes postales vintage et des r\u00e9impressions de journaux historiques aux ornements artisanaux, en passant par les cartes illustr\u00e9es et les produits d\u00e9riv\u00e9s de la marque Review, chaque article raconte une histoire. De nombreuses\u2026","rel":"","context":"Article similaire","block_context":{"text":"Article similaire","link":""},"img":{"alt_text":"","src":"https:\/\/i0.wp.com\/vankleekhill.ca\/wp-content\/uploads\/2025\/11\/570320014_1231560452340388_7628045621529248404_n-e1763069301144.jpg?fit=1200%2C675&ssl=1&resize=350%2C200","width":350,"height":200,"srcset":"https:\/\/i0.wp.com\/vankleekhill.ca\/wp-content\/uploads\/2025\/11\/570320014_1231560452340388_7628045621529248404_n-e1763069301144.jpg?fit=1200%2C675&ssl=1&resize=350%2C200 1x, https:\/\/i0.wp.com\/vankleekhill.ca\/wp-content\/uploads\/2025\/11\/570320014_1231560452340388_7628045621529248404_n-e1763069301144.jpg?fit=1200%2C675&ssl=1&resize=525%2C300 1.5x, https:\/\/i0.wp.com\/vankleekhill.ca\/wp-content\/uploads\/2025\/11\/570320014_1231560452340388_7628045621529248404_n-e1763069301144.jpg?fit=1200%2C675&ssl=1&resize=700%2C400 2x, https:\/\/i0.wp.com\/vankleekhill.ca\/wp-content\/uploads\/2025\/11\/570320014_1231560452340388_7628045621529248404_n-e1763069301144.jpg?fit=1200%2C675&ssl=1&resize=1050%2C600 3x"},"classes":[]}],"jetpack_likes_enabled":true,"jetpack_sharing_enabled":true,"_links":{"self":[{"href":"https:\/\/vankleekhill.ca\/fr\/wp-json\/wp\/v2\/pages\/9246","targetHints":{"allow":["GET"]}}],"collection":[{"href":"https:\/\/vankleekhill.ca\/fr\/wp-json\/wp\/v2\/pages"}],"about":[{"href":"https:\/\/vankleekhill.ca\/fr\/wp-json\/wp\/v2\/types\/page"}],"author":[{"embeddable":true,"href":"https:\/\/vankleekhill.ca\/fr\/wp-json\/wp\/v2\/users\/1"}],"replies":[{"embeddable":true,"href":"https:\/\/vankleekhill.ca\/fr\/wp-json\/wp\/v2\/comments?post=9246"}],"version-history":[{"count":0,"href":"https:\/\/vankleekhill.ca\/fr\/wp-json\/wp\/v2\/pages\/9246\/revisions"}],"wp:attachment":[{"href":"https:\/\/vankleekhill.ca\/fr\/wp-json\/wp\/v2\/media?parent=9246"}],"curies":[{"name":"wp","href":"https:\/\/api.w.org\/{rel}","templated":true}]}}